{"id":689,"date":"2022-12-07T13:42:53","date_gmt":"2022-12-07T13:42:53","guid":{"rendered":"https:\/\/etilit.com.br\/?page_id=689"},"modified":"2026-02-26T15:03:43","modified_gmt":"2026-02-26T15:03:43","slug":"credenciar-sua-estampadora","status":"publish","type":"page","link":"https:\/\/etilit.com.br\/index.php\/credenciar-sua-estampadora\/","title":{"rendered":"Credenciar sua Estampadora"},"content":{"rendered":"\t\t<div data-elementor-type=\"wp-page\" data-elementor-id=\"689\" class=\"elementor elementor-689\" data-elementor-post-type=\"page\">\n\t\t\t\t\t\t\t<div class=\"elementor-element elementor-element-27006f3 e-con-full e-flex e-con e-parent\" data-id=\"27006f3\" data-element_type=\"container\" data-settings=\"{&quot;content_width&quot;:&quot;full&quot;,&quot;background_background&quot;:&quot;classic&quot;,&quot;container_type&quot;:&quot;flex&quot;}\" data-core-v316-plus=\"true\">\n\t\t<div class=\"elementor-element elementor-element-509d387 e-con-full e-flex e-con e-child\" data-id=\"509d387\" data-element_type=\"container\" data-settings=\"{&quot;content_width&quot;:&quot;full&quot;,&quot;container_type&quot;:&quot;flex&quot;}\">\n\t\t\t\t<\/div>\n\t\t\t\t<\/div>\n\t\t<div class=\"elementor-element elementor-element-9fa5911 e-flex e-con-boxed e-con e-parent\" data-id=\"9fa5911\" data-element_type=\"container\" data-settings=\"{&quot;container_type&quot;:&quot;flex&quot;,&quot;content_width&quot;:&quot;boxed&quot;}\" data-core-v316-plus=\"true\">\n\t\t\t\t\t<div class=\"e-con-inner\">\n\t\t<div class=\"elementor-element elementor-element-cbe24d0 e-con-full e-flex e-con e-child\" data-id=\"cbe24d0\" data-element_type=\"container\" data-settings=\"{&quot;content_width&quot;:&quot;full&quot;,&quot;container_type&quot;:&quot;flex&quot;}\">\n\t\t<div class=\"elementor-element elementor-element-77ec587 e-con-full e-flex e-con e-child\" data-id=\"77ec587\" data-element_type=\"container\" data-settings=\"{&quot;content_width&quot;:&quot;full&quot;,&quot;container_type&quot;:&quot;flex&quot;}\">\n\t\t<div class=\"elementor-element elementor-element-b34f6c1 e-con-full e-flex e-con e-child\" data-id=\"b34f6c1\" data-element_type=\"container\" data-settings=\"{&quot;content_width&quot;:&quot;full&quot;,&quot;container_type&quot;:&quot;flex&quot;}\">\n\t\t\t\t<div class=\"elementor-element elementor-element-2a3b87d elementor-widget__width-auto elementor-widget-tablet__width-inherit aux-appear-watch-animation aux-fade-in-up elementor-widget elementor-widget-aux_modern_heading\" data-id=\"2a3b87d\" data-element_type=\"widget\" data-widget_type=\"aux_modern_heading.default\">\n\t\t\t\t<div class=\"elementor-widget-container\">\n\t\t\t<section class=\"aux-widget-modern-heading\">\n            <div class=\"aux-widget-inner\"><h2 class=\"aux-modern-heading-primary\">A ETILIT CONSULTORIA CREDENCIA SUA ESTAMPADORA:<\/h2><div class=\"aux-modern-heading-divider\"><\/div><\/div>\n        <\/section>\t\t<\/div>\n\t\t\t\t<\/div>\n\t\t\t\t<div class=\"elementor-element elementor-element-237ea14 elementor-widget__width-auto elementor-widget elementor-widget-button\" data-id=\"237ea14\" data-element_type=\"widget\" data-widget_type=\"button.default\">\n\t\t\t\t<div class=\"elementor-widget-container\">\n\t\t\t\t\t<div class=\"elementor-button-wrapper\">\n\t\t\t<a class=\"elementor-button elementor-button-link elementor-size-sm\" href=\"https:\/\/credenciamento.etilit.com.br\/\">\n\t\t\t\t\t\t<span class=\"elementor-button-content-wrapper\">\n\t\t\t\t\t\t<span class=\"elementor-button-text\">Solicitar Consultoria<\/span>\n\t\t<\/span>\n\t\t\t\t\t<\/a>\n\t\t<\/div>\n\t\t\t\t<\/div>\n\t\t\t\t<\/div>\n\t\t\t\t<\/div>\n\t\t\t\t<\/div>\n\t\t<div class=\"elementor-element elementor-element-6d2d9a9 e-con-full e-flex e-con e-child\" data-id=\"6d2d9a9\" data-element_type=\"container\" data-settings=\"{&quot;content_width&quot;:&quot;full&quot;,&quot;container_type&quot;:&quot;flex&quot;}\">\n\t\t<div class=\"elementor-element elementor-element-228e57b e-con-full e-flex elementor-invisible e-con e-child\" data-id=\"228e57b\" data-element_type=\"container\" data-settings=\"{&quot;background_background&quot;:&quot;classic&quot;,&quot;animation&quot;:&quot;fadeInLeft&quot;,&quot;content_width&quot;:&quot;full&quot;,&quot;container_type&quot;:&quot;flex&quot;}\">\n\t\t\t\t<div class=\"elementor-element elementor-element-7588cd7 elementor-widget elementor-widget-image\" data-id=\"7588cd7\" data-element_type=\"widget\" data-widget_type=\"image.default\">\n\t\t\t\t<div class=\"elementor-widget-container\">\n\t\t\t\t\t\t\t\t\t\t\t\t\t\t\t<img fetchpriority=\"high\" decoding=\"async\" width=\"740\" height=\"494\" src=\"https:\/\/etilit.com.br\/wp-content\/uploads\/2022\/11\/s6.jpg\" class=\"attachment-large size-large wp-image-587\" alt=\"\" srcset=\"https:\/\/etilit.com.br\/wp-content\/uploads\/2022\/11\/s6.jpg 740w, https:\/\/etilit.com.br\/wp-content\/uploads\/2022\/11\/s6-200x134.jpg 200w\" sizes=\"(max-width: 740px) 100vw, 740px\" \/>\t\t\t\t\t\t\t\t\t\t\t\t\t\t\t<\/div>\n\t\t\t\t<\/div>\n\t\t\t\t<\/div>\n\t\t<div class=\"elementor-element elementor-element-59d0e80 e-con-full e-flex elementor-invisible e-con e-child\" data-id=\"59d0e80\" data-element_type=\"container\" data-settings=\"{&quot;background_background&quot;:&quot;classic&quot;,&quot;animation&quot;:&quot;fadeInRight&quot;,&quot;content_width&quot;:&quot;full&quot;,&quot;container_type&quot;:&quot;flex&quot;}\">\n\t\t\t\t<div class=\"elementor-element elementor-element-3a7e46c elementor-widget__width-auto aux-appear-watch-animation aux-fade-in elementor-widget elementor-widget-aux_modern_heading\" data-id=\"3a7e46c\" data-element_type=\"widget\" data-widget_type=\"aux_modern_heading.default\">\n\t\t\t\t<div class=\"elementor-widget-container\">\n\t\t\t<section class=\"aux-widget-modern-heading\">\n            <div class=\"aux-widget-inner\"><h2 class=\"aux-modern-heading-primary\"><\/h2><div class=\"aux-modern-heading-description\">- Check list dos Documentos obrigat\u00f3rios\n\n<br>- An\u00e1lise na escolha do im\u00f3vel pretendido\n\n\n<br>- Constitui\u00e7\u00e3o da Empresa\n\n\n<br>- Emiss\u00e3o Laudo dos bombeiros\n\n\n<br>- Suporte Jur\u00eddico\n\n\n<br>- Processo de Credenciamento e Recredenciamento\n\n\n<br>- Visitas peri\u00f3dicas no DETRAN.SP e nas Superintend\u00eancias\n\n\n<br>- Suporte para d\u00favidas espec\u00edficas do segmento\n\n\n<br>- Atendimento em todo estado de SP e Minas Gerais<br><br>\n\n<strong>Parcerias<\/strong><br><br>\n\n- Parcerias c\/ Fabricante da Mat\u00e9ria Prima;\n\n<br>- Parceria c\/ Fornecedor de Insumos<\/div><\/div>\n        <\/section>\t\t<\/div>\n\t\t\t\t<\/div>\n\t\t\t\t<\/div>\n\t\t\t\t<\/div>\n\t\t\t\t<\/div>\n\t\t\t\t\t<\/div>\n\t\t\t\t<\/div>\n\t\t<div class=\"elementor-element elementor-element-1b31867 e-con-full e-flex e-con e-parent\" data-id=\"1b31867\" data-element_type=\"container\" data-settings=\"{&quot;content_width&quot;:&quot;full&quot;,&quot;background_background&quot;:&quot;classic&quot;,&quot;container_type&quot;:&quot;flex&quot;}\" data-core-v316-plus=\"true\">\n\t\t<div class=\"elementor-element elementor-element-5385d70 e-con-full e-flex e-con e-child\" data-id=\"5385d70\" data-element_type=\"container\" data-settings=\"{&quot;content_width&quot;:&quot;full&quot;,&quot;container_type&quot;:&quot;flex&quot;}\">\n\t\t\t\t<div class=\"elementor-element elementor-element-e7ee8c6 aux-appear-watch-animation aux-fade-in-up elementor-widget elementor-widget-aux_modern_heading\" data-id=\"e7ee8c6\" data-element_type=\"widget\" data-widget_type=\"aux_modern_heading.default\">\n\t\t\t\t<div class=\"elementor-widget-container\">\n\t\t\t<section class=\"aux-widget-modern-heading\">\n            <div class=\"aux-widget-inner\"><h2 class=\"aux-modern-heading-primary\">Links Importantes<\/h2><div class=\"aux-modern-heading-divider\"><\/div><\/div>\n        <\/section>\t\t<\/div>\n\t\t\t\t<\/div>\n\t\t<div class=\"elementor-element elementor-element-57f9449 e-con-full e-flex e-con e-child\" data-id=\"57f9449\" data-element_type=\"container\" data-settings=\"{&quot;background_background&quot;:&quot;classic&quot;,&quot;content_width&quot;:&quot;full&quot;,&quot;container_type&quot;:&quot;flex&quot;}\">\n\t\t<div class=\"elementor-element elementor-element-071157b e-con-full e-flex e-con e-child\" data-id=\"071157b\" data-element_type=\"container\" data-settings=\"{&quot;content_width&quot;:&quot;full&quot;,&quot;container_type&quot;:&quot;flex&quot;}\">\n\t\t\t\t<div class=\"elementor-element elementor-element-548c80b elementor-skin-carousel elementor-widget elementor-widget-media-carousel\" data-id=\"548c80b\" data-element_type=\"widget\" data-settings=\"{&quot;slides_per_view&quot;:&quot;6&quot;,&quot;slides_to_scroll&quot;:&quot;1&quot;,&quot;lazyload&quot;:&quot;yes&quot;,&quot;speed&quot;:200,&quot;autoplay_speed&quot;:2000,&quot;skin&quot;:&quot;carousel&quot;,&quot;effect&quot;:&quot;slide&quot;,&quot;autoplay&quot;:&quot;yes&quot;,&quot;loop&quot;:&quot;yes&quot;,&quot;pause_on_hover&quot;:&quot;yes&quot;,&quot;pause_on_interaction&quot;:&quot;yes&quot;,&quot;space_between&quot;:{&quot;unit&quot;:&quot;px&quot;,&quot;size&quot;:10,&quot;sizes&quot;:[]},&quot;space_between_tablet&quot;:{&quot;unit&quot;:&quot;px&quot;,&quot;size&quot;:10,&quot;sizes&quot;:[]},&quot;space_between_mobile&quot;:{&quot;unit&quot;:&quot;px&quot;,&quot;size&quot;:10,&quot;sizes&quot;:[]}}\" data-widget_type=\"media-carousel.default\">\n\t\t\t\t<div class=\"elementor-widget-container\">\n\t\t\t\t\t<div class=\"elementor-swiper\">\n\t\t\t<div class=\"elementor-main-swiper swiper-container\">\n\t\t\t\t<div class=\"swiper-wrapper\">\n\t\t\t\t\t\t\t\t\t\t\t<div class=\"swiper-slide\">\n\t\t\t\t\t\t\t<a href=\"https:\/\/www.detran.sp.gov.br\/\" target=\"_blank\">\t\t<div class=\"elementor-carousel-image swiper-lazy\" role=\"img\" aria-label=\"link08a\" data-background=\"https:\/\/etilit.com.br\/wp-content\/uploads\/2022\/09\/link08a.png\">\n\n\t\t\t\t\t\t\t<div class=\"swiper-lazy-preloader\"><\/div>\n\t\t\t\n\t\t\t\t\t<\/div>\n\t\t<\/a>\t\t\t\t\t\t<\/div>\n\t\t\t\t\t\t\t\t\t\t\t<div class=\"swiper-slide\">\n\t\t\t\t\t\t\t<a href=\"https:\/\/www.denatran.org\/\" target=\"_blank\">\t\t<div class=\"elementor-carousel-image swiper-lazy\" role=\"img\" aria-label=\"link09a\" data-background=\"https:\/\/etilit.com.br\/wp-content\/uploads\/2022\/09\/link09a.png\">\n\n\t\t\t\t\t\t\t<div class=\"swiper-lazy-preloader\"><\/div>\n\t\t\t\n\t\t\t\t\t<\/div>\n\t\t<\/a>\t\t\t\t\t\t<\/div>\n\t\t\t\t\t\t\t\t\t\t\t<div class=\"swiper-slide\">\n\t\t\t\t\t\t\t<a href=\"https:\/\/login.esocial.gov.br\/login.aspx\" target=\"_blank\">\t\t<div class=\"elementor-carousel-image swiper-lazy\" role=\"img\" aria-label=\"link02a\" data-background=\"https:\/\/etilit.com.br\/wp-content\/uploads\/2022\/08\/link02a.png\">\n\n\t\t\t\t\t\t\t<div class=\"swiper-lazy-preloader\"><\/div>\n\t\t\t\n\t\t\t\t\t<\/div>\n\t\t<\/a>\t\t\t\t\t\t<\/div>\n\t\t\t\t\t\t\t\t\t\t\t<div class=\"swiper-slide\">\n\t\t\t\t\t\t\t<a href=\"https:\/\/www.gov.br\/receitafederal\/pt-br\" target=\"_blank\">\t\t<div class=\"elementor-carousel-image swiper-lazy\" role=\"img\" aria-label=\"link01a\" data-background=\"https:\/\/etilit.com.br\/wp-content\/uploads\/2022\/08\/link01a.png\">\n\n\t\t\t\t\t\t\t<div class=\"swiper-lazy-preloader\"><\/div>\n\t\t\t\n\t\t\t\t\t<\/div>\n\t\t<\/a>\t\t\t\t\t\t<\/div>\n\t\t\t\t\t\t\t\t\t\t\t<div class=\"swiper-slide\">\n\t\t\t\t\t\t\t<a href=\"http:\/\/www.institucional.jucesp.sp.gov.br\/\" target=\"_blank\">\t\t<div class=\"elementor-carousel-image swiper-lazy\" role=\"img\" aria-label=\"link04a\" data-background=\"https:\/\/etilit.com.br\/wp-content\/uploads\/2022\/08\/link04a.png\">\n\n\t\t\t\t\t\t\t<div class=\"swiper-lazy-preloader\"><\/div>\n\t\t\t\n\t\t\t\t\t<\/div>\n\t\t<\/a>\t\t\t\t\t\t<\/div>\n\t\t\t\t\t\t\t\t\t\t\t<div class=\"swiper-slide\">\n\t\t\t\t\t\t\t<a href=\"https:\/\/www.gov.br\/inss\/pt-br\" target=\"_blank\">\t\t<div class=\"elementor-carousel-image swiper-lazy\" role=\"img\" aria-label=\"link05a\" data-background=\"https:\/\/etilit.com.br\/wp-content\/uploads\/2022\/08\/link05a.png\">\n\n\t\t\t\t\t\t\t<div class=\"swiper-lazy-preloader\"><\/div>\n\t\t\t\n\t\t\t\t\t<\/div>\n\t\t<\/a>\t\t\t\t\t\t<\/div>\n\t\t\t\t\t\t\t\t\t\t\t<div class=\"swiper-slide\">\n\t\t\t\t\t\t\t<a href=\"https:\/\/www.fgts.gov.br\/Pages\/default.aspx\" target=\"_blank\">\t\t<div class=\"elementor-carousel-image swiper-lazy\" role=\"img\" aria-label=\"link06a\" data-background=\"https:\/\/etilit.com.br\/wp-content\/uploads\/2022\/08\/link06a.png\">\n\n\t\t\t\t\t\t\t<div class=\"swiper-lazy-preloader\"><\/div>\n\t\t\t\n\t\t\t\t\t<\/div>\n\t\t<\/a>\t\t\t\t\t\t<\/div>\n\t\t\t\t\t\t\t\t\t\t\t<div class=\"swiper-slide\">\n\t\t\t\t\t\t\t<a href=\"https:\/\/online.crcsp.org.br\/portal\/index.asp#\" target=\"_blank\">\t\t<div class=\"elementor-carousel-image swiper-lazy\" role=\"img\" aria-label=\"link07a\" data-background=\"https:\/\/etilit.com.br\/wp-content\/uploads\/2022\/08\/link07a.png\">\n\n\t\t\t\t\t\t\t<div class=\"swiper-lazy-preloader\"><\/div>\n\t\t\t\n\t\t\t\t\t<\/div>\n\t\t<\/a>\t\t\t\t\t\t<\/div>\n\t\t\t\t\t\t\t\t\t<\/div>\n\t\t\t\t\t\t\t\t\t\t\t\t\t\t\t\t\t\t\t\t\t<\/div>\n\t\t<\/div>\n\t\t\t\t<\/div>\n\t\t\t\t<\/div>\n\t\t\t\t<\/div>\n\t\t\t\t<\/div>\n\t\t\t\t<\/div>\n\t\t\t\t<\/div>\n\t\t\t\t\t\t\t<\/div>\n\t\t","protected":false},"excerpt":{"rendered":"<p>A ETILIT CONSULTORIA CREDENCIA SUA ESTAMPADORA: Solicitar Consultoria &#8211; Check list dos Documentos obrigat\u00f3rios &#8211; An\u00e1lise na escolha do im\u00f3vel pretendido &#8211; Constitui\u00e7\u00e3o da Empresa &#8211; Emiss\u00e3o Laudo dos bombeiros &#8211; Suporte Jur\u00eddico &#8211; Processo de Credenciamento e Recredenciamento &#8211; Visitas peri\u00f3dicas no DETRAN.SP e nas Superintend\u00eancias &#8211; Suporte para d\u00favidas espec\u00edficas do segmento &#8211; [&hellip;]<\/p>\n","protected":false},"author":1,"featured_media":0,"parent":0,"menu_order":0,"comment_status":"closed","ping_status":"closed","template":"templates\/page-builder-content.php","meta":{"footnotes":""},"class_list":["post-689","page","type-page","status-publish","hentry"],"_links":{"self":[{"href":"https:\/\/etilit.com.br\/index.php\/wp-json\/wp\/v2\/pages\/689","targetHints":{"allow":["GET"]}}],"collection":[{"href":"https:\/\/etilit.com.br\/index.php\/wp-json\/wp\/v2\/pages"}],"about":[{"href":"https:\/\/etilit.com.br\/index.php\/wp-json\/wp\/v2\/types\/page"}],"author":[{"embeddable":true,"href":"https:\/\/etilit.com.br\/index.php\/wp-json\/wp\/v2\/users\/1"}],"replies":[{"embeddable":true,"href":"https:\/\/etilit.com.br\/index.php\/wp-json\/wp\/v2\/comments?post=689"}],"version-history":[{"count":34,"href":"https:\/\/etilit.com.br\/index.php\/wp-json\/wp\/v2\/pages\/689\/revisions"}],"predecessor-version":[{"id":814,"href":"https:\/\/etilit.com.br\/index.php\/wp-json\/wp\/v2\/pages\/689\/revisions\/814"}],"wp:attachment":[{"href":"https:\/\/etilit.com.br\/index.php\/wp-json\/wp\/v2\/media?parent=689"}],"curies":[{"name":"wp","href":"https:\/\/api.w.org\/{rel}","templated":true}]}}