{"id":120,"date":"2020-01-25T08:49:32","date_gmt":"2020-01-25T08:49:32","guid":{"rendered":"https:\/\/etilit.com.br\/index.php\/about\/"},"modified":"2026-02-26T14:54:40","modified_gmt":"2026-02-26T14:54:40","slug":"quem-somos","status":"publish","type":"page","link":"https:\/\/etilit.com.br\/index.php\/quem-somos\/","title":{"rendered":"Quem Somos"},"content":{"rendered":"\t\t<div data-elementor-type=\"wp-page\" data-elementor-id=\"120\" class=\"elementor elementor-120\" data-elementor-post-type=\"page\">\n\t\t\t\t\t\t\t<div class=\"elementor-element elementor-element-2741863 e-con-full e-flex e-con e-parent\" data-id=\"2741863\" data-element_type=\"container\" data-settings=\"{&quot;content_width&quot;:&quot;full&quot;,&quot;background_background&quot;:&quot;classic&quot;,&quot;container_type&quot;:&quot;flex&quot;}\" data-core-v316-plus=\"true\">\n\t\t<div class=\"elementor-element elementor-element-dcffa9d e-con-full e-flex e-con e-child\" data-id=\"dcffa9d\" data-element_type=\"container\" data-settings=\"{&quot;content_width&quot;:&quot;full&quot;,&quot;container_type&quot;:&quot;flex&quot;}\">\n\t\t\t\t<div class=\"aux-scroll-anim elementor-element elementor-element-844bce6 aux-appear-watch-animation aux-scale-down-1 elementor-widget elementor-widget-aux_modern_heading\" data-move-in=\"\" data-move-out=\"scale\" data-axis-x=\"200\" data-axis-y=\"200\" data-rotate=\"90\" data-scale=\"0.8\" data-vp-top=\"0.5\" data-vp-bot=\"0.5\" data-el-top=\"0.2\" data-scroll-animation-off=\"1024\" data-id=\"844bce6\" data-element_type=\"widget\" data-widget_type=\"aux_modern_heading.default\">\n\t\t\t\t<div class=\"elementor-widget-container\">\n\t\t\t<section class=\"aux-widget-modern-heading\">\n            <div class=\"aux-widget-inner\"><h2 class=\"aux-modern-heading-primary\">QUEM SOMOS<\/h2><\/div>\n        <\/section>\t\t<\/div>\n\t\t\t\t<\/div>\n\t\t\t\t<\/div>\n\t\t\t\t<\/div>\n\t\t<div class=\"elementor-element elementor-element-3a1b5ac e-flex e-con-boxed e-con e-parent\" data-id=\"3a1b5ac\" data-element_type=\"container\" data-settings=\"{&quot;container_type&quot;:&quot;flex&quot;,&quot;content_width&quot;:&quot;boxed&quot;}\" data-core-v316-plus=\"true\">\n\t\t\t\t\t<div class=\"e-con-inner\">\n\t\t<div class=\"elementor-element elementor-element-c819a41 e-con-full e-flex e-con e-child\" data-id=\"c819a41\" data-element_type=\"container\" data-settings=\"{&quot;content_width&quot;:&quot;full&quot;,&quot;container_type&quot;:&quot;flex&quot;}\">\n\t\t\t\t<div class=\"elementor-element elementor-element-b1f117b aux-appear-watch-animation aux-fade-in-right elementor-widget elementor-widget-aux_modern_heading\" data-id=\"b1f117b\" data-element_type=\"widget\" data-widget_type=\"aux_modern_heading.default\">\n\t\t\t\t<div class=\"elementor-widget-container\">\n\t\t\t<section class=\"aux-widget-modern-heading\">\n            <div class=\"aux-widget-inner\"><h2 class=\"aux-modern-heading-primary\"><\/h2><h3 class=\"aux-modern-heading-secondary\"><span class=\"aux-head-before\">NOSSA<\/span><span class=\"aux-head-highlight\">EMPRESA<\/span><\/h3><\/div>\n        <\/section>\t\t<\/div>\n\t\t\t\t<\/div>\n\t\t\t\t<div class=\"elementor-element elementor-element-2d8e6d7 aux-appear-watch-animation aux-fade-in-up elementor-widget elementor-widget-aux_modern_heading\" data-id=\"2d8e6d7\" data-element_type=\"widget\" data-widget_type=\"aux_modern_heading.default\">\n\t\t\t\t<div class=\"elementor-widget-container\">\n\t\t\t<section class=\"aux-widget-modern-heading\">\n            <div class=\"aux-widget-inner\"><h2 class=\"aux-modern-heading-primary\">Por que escolher a Etilit?<\/h2><div class=\"aux-modern-heading-divider\"><\/div><div class=\"aux-modern-heading-description\"><p>Atrav\u00e9s da experi\u00eancia adquirida ao longo de anos de mercado, a\u00a0<strong>Etilit Contabilidade<\/strong>\u00a0conhece a necessidade do mercado, assim exercemos um servi\u00e7o de contabilidade diferenciado, tra\u00e7ando um plano de trabalho para cada tipo de cliente.<\/p><p>Contamos com uma equipe de colaboradores altamente qualificados, com aperfei\u00e7oamento constante nas \u00e1reas tribut\u00e1ria, cont\u00e1bil, fiscal e trabalhista. Nossos Valores consistem em profissionalismo, respeito, percep\u00e7\u00e3o de neg\u00f3cios, agilidade e \u00c9tica.<\/p><\/div><\/div>\n        <\/section>\t\t<\/div>\n\t\t\t\t<\/div>\n\t\t\t\t<\/div>\n\t\t<div class=\"elementor-element elementor-element-7d433e0 e-con-full e-flex e-con e-child\" data-id=\"7d433e0\" data-element_type=\"container\" data-settings=\"{&quot;content_width&quot;:&quot;full&quot;,&quot;container_type&quot;:&quot;flex&quot;}\">\n\t\t\t\t<div class=\"elementor-element elementor-element-044d8e8 aux-appear-watch-animation aux-mask-from-left elementor-widget elementor-widget-aux_image\" data-id=\"044d8e8\" data-element_type=\"widget\" data-widget_type=\"aux_image.default\">\n\t\t\t\t<div class=\"elementor-widget-container\">\n\t\t\t<section class=\"widget-container aux-widget-image aux-alignnone aux-parent-auba74a6a3\">\n    <div class=\"aux-media-hint-frame \">\n        <div class=\"aux-media-image \" >\n        \n            \n\n            \n            <img fetchpriority=\"high\" decoding=\"async\" width=\"1024\" height=\"1007\" src=\"https:\/\/etilit.com.br\/wp-content\/uploads\/2022\/09\/Mask-Group-42222@2x.jpg\" class=\"aux-attachment aux-featured-image aux-attachment-id-475\" alt=\"Mask-Group-42222@2x\" srcset=\"https:\/\/etilit.com.br\/wp-content\/uploads\/2022\/09\/Mask-Group-42222@2x-150x150.jpg 150w,https:\/\/etilit.com.br\/wp-content\/uploads\/2022\/09\/Mask-Group-42222@2x-300x300.jpg 300w,https:\/\/etilit.com.br\/wp-content\/uploads\/2022\/09\/Mask-Group-42222@2x-768x768.jpg 768w,https:\/\/etilit.com.br\/wp-content\/uploads\/2022\/09\/Mask-Group-42222@2x.jpg 1024w\" data-ratio=\"1\" data-original-w=\"1024\" sizes=\"(max-width:479px) 480px,(max-width:767px) 768px,(max-width:1023px) 1024px,1024px\" \/>            \n                <\/div>\n    <\/div>\n\n<\/section><!-- widget-container -->\t\t<\/div>\n\t\t\t\t<\/div>\n\t\t\t\t<\/div>\n\t\t\t\t\t<\/div>\n\t\t\t\t<\/div>\n\t\t<div class=\"elementor-element elementor-element-be0cda7 e-con-full e-flex e-con e-parent\" data-id=\"be0cda7\" data-element_type=\"container\" data-settings=\"{&quot;content_width&quot;:&quot;full&quot;,&quot;container_type&quot;:&quot;flex&quot;}\" data-core-v316-plus=\"true\">\n\t\t<div class=\"elementor-element elementor-element-91a0785 e-con-full e-flex e-con e-child\" data-id=\"91a0785\" data-element_type=\"container\" data-settings=\"{&quot;background_background&quot;:&quot;classic&quot;,&quot;content_width&quot;:&quot;full&quot;,&quot;container_type&quot;:&quot;flex&quot;}\">\n\t\t\t\t<div class=\"elementor-element elementor-element-1ca3531 aux-appear-watch-animation aux-mask-from-right elementor-widget elementor-widget-aux_image\" data-id=\"1ca3531\" data-element_type=\"widget\" data-widget_type=\"aux_image.default\">\n\t\t\t\t<div class=\"elementor-widget-container\">\n\t\t\t<section class=\"widget-container aux-widget-image aux-alignnone aux-parent-auec145bf0\">\n    <div class=\"aux-media-hint-frame \">\n        <div class=\"aux-media-image \" >\n        \n            \n\n            \n            <img decoding=\"async\" width=\"1373\" height=\"1173\" src=\"https:\/\/etilit.com.br\/wp-content\/uploads\/2022\/09\/Mask-Group-4@2x.jpg\" class=\"aux-attachment aux-featured-image aux-attachment-id-479\" alt=\"Mask-Group-4@2x\" data-ratio=\"1.17\" data-original-w=\"1373\" \/>            \n                <\/div>\n    <\/div>\n\n<\/section><!-- widget-container -->\t\t<\/div>\n\t\t\t\t<\/div>\n\t\t\t\t<\/div>\n\t\t<div class=\"elementor-element elementor-element-ab26644 e-con-full e-flex e-con e-child\" data-id=\"ab26644\" data-element_type=\"container\" data-settings=\"{&quot;background_background&quot;:&quot;classic&quot;,&quot;content_width&quot;:&quot;full&quot;,&quot;container_type&quot;:&quot;flex&quot;}\">\n\t\t\t\t<div class=\"elementor-element elementor-element-7b12ba6 aux-appear-watch-animation aux-fade-in-right elementor-widget elementor-widget-aux_modern_heading\" data-id=\"7b12ba6\" data-element_type=\"widget\" data-widget_type=\"aux_modern_heading.default\">\n\t\t\t\t<div class=\"elementor-widget-container\">\n\t\t\t<section class=\"aux-widget-modern-heading\">\n            <div class=\"aux-widget-inner\"><h2 class=\"aux-modern-heading-primary\"><\/h2><h3 class=\"aux-modern-heading-secondary\"><span class=\"aux-head-before\">SOMOS<\/span><span class=\"aux-head-highlight\">ESPECIALISTAS<\/span><\/h3><\/div>\n        <\/section>\t\t<\/div>\n\t\t\t\t<\/div>\n\t\t\t\t<div class=\"elementor-element elementor-element-b7068e2 aux-appear-watch-animation aux-fade-in-up elementor-widget elementor-widget-aux_modern_heading\" data-id=\"b7068e2\" data-element_type=\"widget\" data-widget_type=\"aux_modern_heading.default\">\n\t\t\t\t<div class=\"elementor-widget-container\">\n\t\t\t<section class=\"aux-widget-modern-heading\">\n            <div class=\"aux-widget-inner\"><h2 class=\"aux-modern-heading-primary\">Nossa equipe est\u00e1 pronta para lhe atender<\/h2><div class=\"aux-modern-heading-divider\"><\/div><\/div>\n        <\/section>\t\t<\/div>\n\t\t\t\t<\/div>\n\t\t\t\t<div class=\"elementor-element elementor-element-b1cf1cf elementor-widget__width-auto elementor-widget elementor-widget-aux_modern_heading\" data-id=\"b1cf1cf\" data-element_type=\"widget\" data-widget_type=\"aux_modern_heading.default\">\n\t\t\t\t<div class=\"elementor-widget-container\">\n\t\t\t<section class=\"aux-widget-modern-heading\">\n            <div class=\"aux-widget-inner\"><h2 class=\"aux-modern-heading-primary\">Miss\u00e3o<\/h2><div class=\"aux-modern-heading-description\"><p>Oferecer solu\u00e7\u00f5es Cont\u00e1beis, com qualidade, agilidade e confiabilidade, para satisfazer as necessidades e expectativas dos nossos clientes, fornecedores, acionistas, colaboradores, governos e sociedade em geral.<\/p><\/div><\/div>\n        <\/section>\t\t<\/div>\n\t\t\t\t<\/div>\n\t\t\t\t<div class=\"elementor-element elementor-element-f76ba5f elementor-widget__width-auto elementor-widget elementor-widget-aux_modern_heading\" data-id=\"f76ba5f\" data-element_type=\"widget\" data-widget_type=\"aux_modern_heading.default\">\n\t\t\t\t<div class=\"elementor-widget-container\">\n\t\t\t<section class=\"aux-widget-modern-heading\">\n            <div class=\"aux-widget-inner\"><h2 class=\"aux-modern-heading-primary\">Vis\u00e3o<\/h2><div class=\"aux-modern-heading-description\"><p>Busca incessante por solu\u00e7\u00f5es r\u00e1pidas e seguras, face \u00e0s necessidades e expectativas de nossos clientes, nosso sucesso \u00e9 uma consequ\u00eancia da satisfa\u00e7\u00e3o e confian\u00e7a de todos aqueles para os quais prestamos os nossos servi\u00e7os, raz\u00e3o pela qual, firmamos nossa consolida\u00e7\u00e3o no disputado mercado de S\u00e3o Paulo.<\/p><\/div><\/div>\n        <\/section>\t\t<\/div>\n\t\t\t\t<\/div>\n\t\t\t\t<\/div>\n\t\t\t\t<\/div>\n\t\t\t\t\t\t\t<\/div>\n\t\t","protected":false},"excerpt":{"rendered":"<p>QUEM SOMOS NOSSAEMPRESA Por que escolher a Etilit? Atrav\u00e9s da experi\u00eancia adquirida ao longo de anos de mercado, a\u00a0Etilit Contabilidade\u00a0conhece a necessidade do mercado, assim exercemos um servi\u00e7o de contabilidade diferenciado, tra\u00e7ando um plano de trabalho para cada tipo de cliente. Contamos com uma equipe de colaboradores altamente qualificados, com aperfei\u00e7oamento constante nas \u00e1reas tribut\u00e1ria, [&hellip;]<\/p>\n","protected":false},"author":1,"featured_media":0,"parent":0,"menu_order":0,"comment_status":"closed","ping_status":"closed","template":"templates\/page-builder-content.php","meta":{"footnotes":""},"class_list":["post-120","page","type-page","status-publish","hentry"],"_links":{"self":[{"href":"https:\/\/etilit.com.br\/index.php\/wp-json\/wp\/v2\/pages\/120","targetHints":{"allow":["GET"]}}],"collection":[{"href":"https:\/\/etilit.com.br\/index.php\/wp-json\/wp\/v2\/pages"}],"about":[{"href":"https:\/\/etilit.com.br\/index.php\/wp-json\/wp\/v2\/types\/page"}],"author":[{"embeddable":true,"href":"https:\/\/etilit.com.br\/index.php\/wp-json\/wp\/v2\/users\/1"}],"replies":[{"embeddable":true,"href":"https:\/\/etilit.com.br\/index.php\/wp-json\/wp\/v2\/comments?post=120"}],"version-history":[{"count":37,"href":"https:\/\/etilit.com.br\/index.php\/wp-json\/wp\/v2\/pages\/120\/revisions"}],"predecessor-version":[{"id":807,"href":"https:\/\/etilit.com.br\/index.php\/wp-json\/wp\/v2\/pages\/120\/revisions\/807"}],"wp:attachment":[{"href":"https:\/\/etilit.com.br\/index.php\/wp-json\/wp\/v2\/media?parent=120"}],"curies":[{"name":"wp","href":"https:\/\/api.w.org\/{rel}","templated":true}]}}